{"id":251,"date":"2012-09-13T22:24:05","date_gmt":"2012-09-13T20:24:05","guid":{"rendered":"http:\/\/lh-velorution.fr\/?page_id=251"},"modified":"2013-09-18T11:45:01","modified_gmt":"2013-09-18T09:45:01","slug":"cartographie-cycliste-du-havre-et-de-lagglo","status":"publish","type":"page","link":"https:\/\/lh-velorution.fr\/?page_id=251","title":{"rendered":"Cartoparties cycliste du Havre"},"content":{"rendered":"<p style=\"text-align: right;\"><strong><\/strong><img loading=\"lazy\" decoding=\"async\" alt=\"\" src=\"https:\/\/encrypted-tbn0.gstatic.com\/images?q=tbn:ANd9GcRT9RIQ_RzLOINXnNAbw18-9i1PpEcmxjZA34WdsnUw77Gogxve\" width=\"50\" height=\"50\" align=\"left\" \/><br \/>\n<strong>Prochaine CartoParty VII :<\/strong> <span style=\"color: #339966;\"><em>Mardi 16 Juillet 18h45<\/em><\/span>,<br \/>\nrendez vous au Rond-Point, Cot\u00e9 Rue Mar\u00e9chal Joffre au Havre.<\/p>\n<p><em>Participez \u00e0 la cartographie des voies cyclables existantes au Havre et dans son agglo, et contribuez \u00e0 son am\u00e9lioration !<\/em><\/p>\n<p>Toutes les deux semaines environ, le collectif <span style=\"color: #ff6600;\">LH-V\u00e9lorution!<\/span> organise une balade cartographique\u00a0pour r\u00e9aliser une cartographie des \u00e9l\u00e9ments\u00a0cyclables du Havre.<\/p>\n<p><img loading=\"lazy\" decoding=\"async\" class=\"aligncenter\" style=\"color: #333333; font-style: normal;\" alt=\"\" src=\"http:\/\/www.coraia.org\/wp-content\/uploads\/2013\/01\/OSM.jpg\" width=\"76\" height=\"77\" \/><\/p>\n<p>Une <strong>cartoparty<\/strong> se d\u00e9roule en 2 temps :<br \/>\n&#8211; muni d&rsquo;une carte, d&rsquo;un stylo et d&rsquo;un v\u00e9lo, on quadrille un quartier pour<br \/>\nnoter toutes les infos relatives aux v\u00e9los (pistes\/bandes cyclables,<br \/>\nparking v\u00e9lo, contre-sens cycliste, am\u00e9nagements rat\u00e9s&#8230;)<br \/>\n&#8211; muni d&rsquo;un ordi et d&rsquo;un verre pour se r\u00e9chauffer (ou se rafraichir), on<br \/>\nmet \u00e0 jour sur internet les donn\u00e9es r\u00e9colt\u00e9es sur le terrain. Les donn\u00e9es<br \/>\nsont ajout\u00e9es \u00e0 <span style=\"color: #808080;\"><strong>OpenStreetMap<\/strong><\/span>, la carte coop\u00e9rative libre du net.<\/p>\n<p>C&rsquo;est <a href=\"http:\/\/www.opencyclemap.org\/?zoom=13&amp;lat=49.5061&amp;lon=0.15495&amp;layers=B00\">par ici<\/a>\u00a0pour la visualisation des cartes, pour la modification participative (onglet modifier) vous pouvez utiliser un compte de connexion gratuit OpenID, Google, WordPress&#8230;ou en cr\u00e9er un\u00a0!<\/p>\n<p>Ce site est autor\u00e9gul\u00e9 par une communaut\u00e9 d&rsquo;utilisateurs \u00e0 l&rsquo;instar de Wikip\u00e9dia.<\/p>\n<p>Explication, diff\u00e9rence entre OpenStreetMap (OSM) et OpenCycleMap (OCM)<\/p>\n<p>OSM est une cartographie libre participative.<\/p>\n<p>OSM :<br \/>\n<iframe loading=\"lazy\" style=\"border: 1px solid black;\" src=\"http:\/\/www.openstreetmap.org\/export\/embed.html?bbox=0.0639,49.4504,0.2069,49.5385&amp;layer=mapnik\" height=\"520\" width=\"625\" frameborder=\"0\" marginwidth=\"0\" marginheight=\"0\" scrolling=\"no\"><\/iframe><br \/>\n<small><a href=\"http:\/\/www.openstreetmap.org\/?lat=49.49445&amp;lon=0.1354&amp;zoom=12&amp;layers=M\">Voir une carte plus grande<\/a><\/small><\/p>\n<p>OCM n&rsquo;est qu&rsquo;un rendu d&rsquo;OSM. Ce sont les m\u00eames donn\u00e9es affich\u00e9es diff\u00e9remment.<br \/>\nL&rsquo;objectif est de faire ressortir les donn\u00e9es relatives au v\u00e9lo.<\/p>\n<p>OCM :<br \/>\n<iframe loading=\"lazy\" style=\"border: 1px solid black;\" src=\"http:\/\/www.opencyclemap.org\/?zoom=12&amp;lat=49.5049&amp;lon=0.12992&amp;layers=B00\" height=\"520\" width=\"625\" frameborder=\"0\" marginwidth=\"0\" marginheight=\"0\" scrolling=\"no\"><\/iframe><\/p>\n<p><em>Rejoins la clique des cyclo-cartographes !<br \/>\n<\/em><em id=\"__mceDel\"><em id=\"__mceDel\">Viens \u00e0 v\u00e9lo avec un stylo et couvert !<\/em><\/em><\/p>\n","protected":false},"excerpt":{"rendered":"<p>Prochaine CartoParty VII : Mardi 16 Juillet 18h45, rendez vous au Rond-Point, Cot\u00e9 Rue Mar\u00e9chal Joffre au Havre. Participez \u00e0 la cartographie des voies cyclables existantes au Havre et dans son agglo, et contribuez \u00e0 son am\u00e9lioration ! Toutes les &hellip; <a href=\"https:\/\/lh-velorution.fr\/?page_id=251\">Continuer la lecture <span class=\"meta-nav\">&rarr;<\/span><\/a><\/p>\n","protected":false},"author":1,"featured_media":0,"parent":0,"menu_order":0,"comment_status":"open","ping_status":"open","template":"sidebar-page.php","meta":{"footnotes":""},"class_list":["post-251","page","type-page","status-publish","hentry"],"_links":{"self":[{"href":"https:\/\/lh-velorution.fr\/index.php?rest_route=\/wp\/v2\/pages\/251","targetHints":{"allow":["GET"]}}],"collection":[{"href":"https:\/\/lh-velorution.fr\/index.php?rest_route=\/wp\/v2\/pages"}],"about":[{"href":"https:\/\/lh-velorution.fr\/index.php?rest_route=\/wp\/v2\/types\/page"}],"author":[{"embeddable":true,"href":"https:\/\/lh-velorution.fr\/index.php?rest_route=\/wp\/v2\/users\/1"}],"replies":[{"embeddable":true,"href":"https:\/\/lh-velorution.fr\/index.php?rest_route=%2Fwp%2Fv2%2Fcomments&post=251"}],"version-history":[{"count":16,"href":"https:\/\/lh-velorution.fr\/index.php?rest_route=\/wp\/v2\/pages\/251\/revisions"}],"predecessor-version":[{"id":707,"href":"https:\/\/lh-velorution.fr\/index.php?rest_route=\/wp\/v2\/pages\/251\/revisions\/707"}],"wp:attachment":[{"href":"https:\/\/lh-velorution.fr\/index.php?rest_route=%2Fwp%2Fv2%2Fmedia&parent=251"}],"curies":[{"name":"wp","href":"https:\/\/api.w.org\/{rel}","templated":true}]}}